{"id":4466,"date":"2023-06-01T11:56:06","date_gmt":"2023-06-01T03:56:06","guid":{"rendered":"https:\/\/xsimfitnessx.de\/?post_type=product&#038;p=4466"},"modified":"2023-06-30T12:21:30","modified_gmt":"2023-06-30T04:21:30","slug":"4466","status":"publish","type":"product","link":"https:\/\/xsimfitnessx.de\/index.php\/product\/4466\/","title":{"rendered":"X SIM FITNESSX Federm\u00e4ppchen"},"content":{"rendered":"<ul class=\"a-unordered-list a-vertical a-spacing-mini\">\n<li><span class=\"a-list-item\">\u270fGro\u00dfer Stauraum Federm\u00e4ppchen &#8211; Abmessungen: 8,7 x 2,5 x 3,5 Zoll. Das Hauptfach bietet ausreichend Platz f\u00fcr Kugelschreiber und Bleistifte sowie ein 20 cm langes Lineal und bietet Platz f\u00fcr bis zu 40 Stifte und andere Dinge, die ein Sch\u00fcler ben\u00f6tigt.<\/span><\/li>\n<li><span class=\"a-list-item\">\u26a1\u3010DOPPEL\u00d6FFNUNGSDESIGN\u3011: Federtasche-Doppel\u00f6ffnungsserie, 3 Rei\u00dfverschl\u00fcsse, eine multifunktionale Aufbewahrungsbox mit gro\u00dfer Kapazit\u00e4t. Kann installiert und leicht zu finden sein, sortiert nach Kategorien.<\/span><\/li>\n<li><span class=\"a-list-item\">\u2702Praktisches Design &#8211; Das praktische Design mit drei F\u00e4chern f\u00fcr diesen Bleistiftbeutel zum Trennen und Organisieren Ihrer verschiedenen Gegenst\u00e4nde. Das Hauptfach bietet ausreichend Platz und die beiden anderen F\u00e4cher sind mit Stiftschlaufen, elastischen Netztaschen und Innentaschen f\u00fcr Kleinigkeiten wie Radiergummis, B\u00fcroklammern, Scheren, usw.<\/span><\/li>\n<li><span class=\"a-list-item\">\ud83d\udd8b\u3010Multifunktion\u3011 Es handelt sich um eine multifunktionale Tasche mit 3 F\u00e4chern, die den praktischen Anforderungen verschiedener Personen gerecht werden kann. Sie ist nicht nur eine Schreibwaren-Tasche f\u00fcr Grundsch\u00fcler, Sch\u00fcler der Mittel-, Ober- oder Oberstufe, sondern auch eine Reisetasche und eine Make-up-Kosmetiktasche und Kabelzubeh\u00f6rtasche f\u00fcr M\u00e4nner, Frauen, Erwachsene und Schreibtischzubeh\u00f6r<\/span><\/li>\n<li><span class=\"a-list-item\">\ud83c\udfa8\u3010Pr\u00e4fektgeschenk\u3011 Es ist ein gro\u00dfartiges Geschenk f\u00fcr Kinder, Jugendliche oder Erwachsene zum Geburtstagsgeschenk oder f\u00fcr Schulsachen. Ich bin sicher, sie werden dieses Geschenk von Ihnen sch\u00e4tzen! \uff08Achtung:Stifte und andere Schreibwaren sind nicht inbegriffen)<\/span><\/li>\n<\/ul>\n","protected":false},"excerpt":{"rendered":"<p>\u270fGro\u00dfer Stauraum Federm\u00e4ppchen &#8211; Abmessungen: 8,7 &hellip;<\/p>\n<p class=\"read-more\"> <a class=\"\" href=\"https:\/\/xsimfitnessx.de\/index.php\/product\/4466\/\"> <span class=\"screen-reader-text\">X SIM FITNESSX Federm\u00e4ppchen<\/span> \u67e5\u770b\u5168\u6587 &raquo;<\/a><\/p>\n","protected":false},"featured_media":4455,"comment_status":"open","ping_status":"closed","template":"","meta":{"site-sidebar-layout":"default","site-content-layout":"default","ast-global-header-display":"","ast-banner-title-visibility":"","ast-main-header-display":"","ast-hfb-above-header-display":"","ast-hfb-below-header-display":"","ast-hfb-mobile-header-display":"","site-post-title":"","ast-breadcrumbs-content":"","ast-featured-img":"","footer-sml-layout":"","theme-transparent-header-meta":"default","adv-header-id-meta":"","stick-header-meta":"","header-above-stick-meta":"","header-main-stick-meta":"","header-below-stick-meta":""},"product_cat":[55],"product_tag":[],"_links":{"self":[{"href":"https:\/\/xsimfitnessx.de\/index.php\/wp-json\/wp\/v2\/product\/4466"}],"collection":[{"href":"https:\/\/xsimfitnessx.de\/index.php\/wp-json\/wp\/v2\/product"}],"about":[{"href":"https:\/\/xsimfitnessx.de\/index.php\/wp-json\/wp\/v2\/types\/product"}],"replies":[{"embeddable":true,"href":"https:\/\/xsimfitnessx.de\/index.php\/wp-json\/wp\/v2\/comments?post=4466"}],"version-history":[{"count":2,"href":"https:\/\/xsimfitnessx.de\/index.php\/wp-json\/wp\/v2\/product\/4466\/revisions"}],"predecessor-version":[{"id":4476,"href":"https:\/\/xsimfitnessx.de\/index.php\/wp-json\/wp\/v2\/product\/4466\/revisions\/4476"}],"wp:featuredmedia":[{"embeddable":true,"href":"https:\/\/xsimfitnessx.de\/index.php\/wp-json\/wp\/v2\/media\/4455"}],"wp:attachment":[{"href":"https:\/\/xsimfitnessx.de\/index.php\/wp-json\/wp\/v2\/media?parent=4466"}],"wp:term":[{"taxonomy":"product_cat","embeddable":true,"href":"https:\/\/xsimfitnessx.de\/index.php\/wp-json\/wp\/v2\/product_cat?post=4466"},{"taxonomy":"product_tag","embeddable":true,"href":"https:\/\/xsimfitnessx.de\/index.php\/wp-json\/wp\/v2\/product_tag?post=4466"}],"curies":[{"name":"wp","href":"https:\/\/api.w.org\/{rel}","templated":true}]}}