{"id":4477,"date":"2023-06-01T12:01:36","date_gmt":"2023-06-01T04:01:36","guid":{"rendered":"https:\/\/xsimfitnessx.de\/?post_type=product&#038;p=4477"},"modified":"2023-06-01T12:01:37","modified_gmt":"2023-06-01T04:01:37","slug":"x-sim-fitnessx-diy-bastelwerkzeug-basic-tools","status":"publish","type":"product","link":"https:\/\/xsimfitnessx.de\/index.php\/product\/x-sim-fitnessx-diy-bastelwerkzeug-basic-tools\/","title":{"rendered":"X SIM FITNESSX DIY Bastelwerkzeug Basic Tools"},"content":{"rendered":"<ul class=\"a-unordered-list a-vertical a-spacing-mini\">\n<li><span class=\"a-list-item\">\u3010Lieferumfang:\u30111x A5 Schneidematte, 1x Pr\u00e4zisions bastelmesser+5 St\u00fcck klingen ,1 x Seitenzange, 3 x Sand Schleifstreifen(600#\/1000#\/2000#, 5x Feilen( verschiedene typen), 2 x Entgitterhaken\uff0c1 x Pinzette\uff0c1 x Lineal, 2 x Schaber. G\u00fcnstige Basic Tools Werkzeuge Set<\/span><\/li>\n<li><span class=\"a-list-item\">\u3010Anwendung\u3011: Dieses Kraft Handwerk Set eignet sich auch f\u00fcr Anf\u00e4nger und Fortgeschrittene Modellierer. Sie k\u00f6nnen es verwenden, um Spielzeug, Autos, Roboter, Cartoon und andere Handwerke herzustellen. Perfekt f\u00fcr selbstklebendes Vinyl, Papierbasteln, Scrapbooking, N\u00e4hen, Schriftzug, Wachsschnitzen,Cameos und einfache Bastelarbeiten, Modellbau Elektronik Pinzette spitz, Schmuck USW\u2026 Alle in eine Set!<\/span><\/li>\n<li><span class=\"a-list-item\">A5-Schneidematte und Pr\u00e4zisions-Bastelmesser sind eine perfekte Kombination. Die Schneidematte kann Ihren Desktop vor dem Schneiden sch\u00fctzen und Ihrem Bastelmesser ein besseres Gef\u00fchl beim Schneiden verleihen.<\/span><\/li>\n<li><span class=\"a-list-item\">\u3010Tolles Geschenk\u3011: Wenn Sie einen Freund wie Animation, Cartoon und Modell sehr viel haben, oder sie oder er ist ein Anf\u00e4nger des Modells, k\u00f6nnen Sie dieses DIY Bastelwerkzeug Modellbau Werkzeug Set direkt als Geschenk an Ihre Freunde pr\u00e4sentieren, oder verwenden Sie die Modellwerkzeuge, um ein Geschenk f\u00fcr Ihren gesch\u00e4tzten Freund zu erstellen.<\/span><\/li>\n<li><span class=\"a-list-item\">\u3010Hinweis\u3011: Metallteile des Modell Bausatz set, die Kanten werden scharf sein, bitte sorgf\u00e4ltig verwendet! Am wichtigsten: Lassen Sie sich nicht von Kindern unter dem 18 j\u00e4hrigen ber\u00fchren.<\/span><\/li>\n<\/ul>\n","protected":false},"excerpt":{"rendered":"<p>\u3010Lieferumfang:\u30111x A5 Schneidematte, 1x Pr\u00e4zisions baste &hellip;<\/p>\n<p class=\"read-more\"> <a class=\"\" href=\"https:\/\/xsimfitnessx.de\/index.php\/product\/x-sim-fitnessx-diy-bastelwerkzeug-basic-tools\/\"> <span class=\"screen-reader-text\">X SIM FITNESSX DIY Bastelwerkzeug Basic Tools<\/span> \u67e5\u770b\u5168\u6587 &raquo;<\/a><\/p>\n","protected":false},"featured_media":4456,"comment_status":"open","ping_status":"closed","template":"","meta":{"site-sidebar-layout":"default","site-content-layout":"default","ast-global-header-display":"","ast-banner-title-visibility":"","ast-main-header-display":"","ast-hfb-above-header-display":"","ast-hfb-below-header-display":"","ast-hfb-mobile-header-display":"","site-post-title":"","ast-breadcrumbs-content":"","ast-featured-img":"","footer-sml-layout":"","theme-transparent-header-meta":"default","adv-header-id-meta":"","stick-header-meta":"","header-above-stick-meta":"","header-main-stick-meta":"","header-below-stick-meta":""},"product_cat":[56],"product_tag":[],"_links":{"self":[{"href":"https:\/\/xsimfitnessx.de\/index.php\/wp-json\/wp\/v2\/product\/4477"}],"collection":[{"href":"https:\/\/xsimfitnessx.de\/index.php\/wp-json\/wp\/v2\/product"}],"about":[{"href":"https:\/\/xsimfitnessx.de\/index.php\/wp-json\/wp\/v2\/types\/product"}],"replies":[{"embeddable":true,"href":"https:\/\/xsimfitnessx.de\/index.php\/wp-json\/wp\/v2\/comments?post=4477"}],"version-history":[{"count":1,"href":"https:\/\/xsimfitnessx.de\/index.php\/wp-json\/wp\/v2\/product\/4477\/revisions"}],"predecessor-version":[{"id":4484,"href":"https:\/\/xsimfitnessx.de\/index.php\/wp-json\/wp\/v2\/product\/4477\/revisions\/4484"}],"wp:featuredmedia":[{"embeddable":true,"href":"https:\/\/xsimfitnessx.de\/index.php\/wp-json\/wp\/v2\/media\/4456"}],"wp:attachment":[{"href":"https:\/\/xsimfitnessx.de\/index.php\/wp-json\/wp\/v2\/media?parent=4477"}],"wp:term":[{"taxonomy":"product_cat","embeddable":true,"href":"https:\/\/xsimfitnessx.de\/index.php\/wp-json\/wp\/v2\/product_cat?post=4477"},{"taxonomy":"product_tag","embeddable":true,"href":"https:\/\/xsimfitnessx.de\/index.php\/wp-json\/wp\/v2\/product_tag?post=4477"}],"curies":[{"name":"wp","href":"https:\/\/api.w.org\/{rel}","templated":true}]}}